{"id":571,"date":"2018-10-01T13:10:34","date_gmt":"2018-10-01T13:10:34","guid":{"rendered":"https:\/\/pozorhudzar.si\/?page_id=571"},"modified":"2026-04-10T06:51:25","modified_gmt":"2026-04-10T06:51:25","slug":"contact-us","status":"publish","type":"page","link":"https:\/\/pozorhudzar.si\/?page_id=571","title":{"rendered":"Contact Us"},"content":{"rendered":"\t\t<div data-elementor-type=\"wp-post\" data-elementor-id=\"571\" class=\"elementor elementor-571\">\n\t\t\t\t\t\t\t\t\t<section class=\"elementor-section elementor-top-section elementor-element elementor-element-49a32edb elementor-section-height-min-height elementor-section-content-middle elementor-section-boxed elementor-section-height-default elementor-section-items-middle\" data-id=\"49a32edb\" data-element_type=\"section\" data-settings=\"{&quot;background_background&quot;:&quot;classic&quot;,&quot;shape_divider_bottom&quot;:&quot;triangle&quot;}\" data-e-bg-lazyload=\"\">\n\t\t\t\t\t\t\t<div class=\"elementor-background-overlay\"><\/div>\n\t\t\t\t\t\t<div class=\"elementor-shape elementor-shape-bottom\" data-negative=\"false\">\n\t\t\t<svg xmlns=\"http:\/\/www.w3.org\/2000\/svg\" viewBox=\"0 0 1000 100\" preserveAspectRatio=\"none\">\n\t<path class=\"elementor-shape-fill\" d=\"M500,98.9L0,6.1V0h1000v6.1L500,98.9z\"\/>\n<\/svg>\t\t<\/div>\n\t\t\t\t\t<div class=\"elementor-container elementor-column-gap-extended\">\n\t\t\t\t\t<div class=\"elementor-column elementor-col-16 elementor-top-column elementor-element elementor-element-6e49c345\" data-id=\"6e49c345\" data-element_type=\"column\">\n\t\t\t<div class=\"elementor-widget-wrap\">\n\t\t\t\t\t\t\t\t\t<\/div>\n\t\t<\/div>\n\t\t\t\t<div class=\"elementor-column elementor-col-66 elementor-top-column elementor-element elementor-element-28c9d61d\" data-id=\"28c9d61d\" data-element_type=\"column\">\n\t\t\t<div class=\"elementor-widget-wrap elementor-element-populated\">\n\t\t\t\t\t\t\t\t<div class=\"elementor-element elementor-element-56d84266 elementor-invisible elementor-widget elementor-widget-heading\" data-id=\"56d84266\" data-element_type=\"widget\" data-settings=\"{&quot;_animation&quot;:&quot;fadeInDown&quot;}\" data-widget_type=\"heading.default\">\n\t\t\t\t<div class=\"elementor-widget-container\">\n\t\t\t<style>\/*! elementor - v3.14.0 - 26-06-2023 *\/\n.elementor-heading-title{padding:0;margin:0;line-height:1}.elementor-widget-heading .elementor-heading-title[class*=elementor-size-]>a{color:inherit;font-size:inherit;line-height:inherit}.elementor-widget-heading .elementor-heading-title.elementor-size-small{font-size:15px}.elementor-widget-heading .elementor-heading-title.elementor-size-medium{font-size:19px}.elementor-widget-heading .elementor-heading-title.elementor-size-large{font-size:29px}.elementor-widget-heading .elementor-heading-title.elementor-size-xl{font-size:39px}.elementor-widget-heading .elementor-heading-title.elementor-size-xxl{font-size:59px}<\/style><h3 class=\"elementor-heading-title elementor-size-default\">Vrhunska hrana in ponudba iz  \u017eara<\/h3>\t\t<\/div>\n\t\t\t\t<\/div>\n\t\t\t\t<div class=\"elementor-element elementor-element-65a52cee elementor-invisible elementor-widget elementor-widget-heading\" data-id=\"65a52cee\" data-element_type=\"widget\" data-settings=\"{&quot;_animation&quot;:&quot;fadeInUp&quot;,&quot;_animation_delay&quot;:200}\" data-widget_type=\"heading.default\">\n\t\t\t\t<div class=\"elementor-widget-container\">\n\t\t\t<h1 class=\"elementor-heading-title elementor-size-default\">Kontaktirajte nas<\/h1>\t\t<\/div>\n\t\t\t\t<\/div>\n\t\t\t\t\t<\/div>\n\t\t<\/div>\n\t\t\t\t<div class=\"elementor-column elementor-col-16 elementor-top-column elementor-element elementor-element-76eedbff\" data-id=\"76eedbff\" data-element_type=\"column\">\n\t\t\t<div class=\"elementor-widget-wrap\">\n\t\t\t\t\t\t\t\t\t<\/div>\n\t\t<\/div>\n\t\t\t\t\t\t\t<\/div>\n\t\t<\/section>\n\t\t\t\t<section class=\"elementor-section elementor-top-section elementor-element elementor-element-aae1653 elementor-section-boxed elementor-section-height-default elementor-section-height-default\" data-id=\"aae1653\" data-element_type=\"section\" data-settings=\"{&quot;background_background&quot;:&quot;classic&quot;}\">\n\t\t\t\t\t\t<div class=\"elementor-container elementor-column-gap-no\">\n\t\t\t\t\t<div class=\"elementor-column elementor-col-100 elementor-top-column elementor-element elementor-element-5f73514a\" data-id=\"5f73514a\" data-element_type=\"column\">\n\t\t\t<div class=\"elementor-widget-wrap elementor-element-populated\">\n\t\t\t\t\t\t\t\t<section class=\"elementor-section elementor-inner-section elementor-element elementor-element-16c5b7e elementor-section-boxed elementor-section-height-default elementor-section-height-default\" data-id=\"16c5b7e\" data-element_type=\"section\">\n\t\t\t\t\t\t<div class=\"elementor-container elementor-column-gap-default\">\n\t\t\t\t\t<div class=\"elementor-column elementor-col-25 elementor-inner-column elementor-element elementor-element-2bde056\" data-id=\"2bde056\" data-element_type=\"column\">\n\t\t\t<div class=\"elementor-widget-wrap\">\n\t\t\t\t\t\t\t\t\t<\/div>\n\t\t<\/div>\n\t\t\t\t<div class=\"elementor-column elementor-col-50 elementor-inner-column elementor-element elementor-element-9dd2b52\" data-id=\"9dd2b52\" data-element_type=\"column\">\n\t\t\t<div class=\"elementor-widget-wrap elementor-element-populated\">\n\t\t\t\t\t\t\t\t<div class=\"elementor-element elementor-element-3dbd295 elementor-invisible elementor-widget elementor-widget-heading\" data-id=\"3dbd295\" data-element_type=\"widget\" data-settings=\"{&quot;_animation&quot;:&quot;fadeInDown&quot;}\" data-widget_type=\"heading.default\">\n\t\t\t\t<div class=\"elementor-widget-container\">\n\t\t\t<h2 class=\"elementor-heading-title elementor-size-default\">Nimate \u010dasa in potrebujete vrhunsko izvedbo pogostitve?<\/h2>\t\t<\/div>\n\t\t\t\t<\/div>\n\t\t\t\t<div class=\"elementor-element elementor-element-31829e9 elementor-widget elementor-widget-heading\" data-id=\"31829e9\" data-element_type=\"widget\" data-widget_type=\"heading.default\">\n\t\t\t\t<div class=\"elementor-widget-container\">\n\t\t\t<h6 class=\"elementor-heading-title elementor-size-default\">Dovolite, da mi poskrbimo za va\u0161e goste !<\/h6>\t\t<\/div>\n\t\t\t\t<\/div>\n\t\t\t\t<div class=\"elementor-element elementor-element-0a9e1bd elementor-widget elementor-widget-text-editor\" data-id=\"0a9e1bd\" data-element_type=\"widget\" data-widget_type=\"text-editor.default\">\n\t\t\t\t<div class=\"elementor-widget-container\">\n\t\t\t<style>\/*! elementor - v3.14.0 - 26-06-2023 *\/\n.elementor-widget-text-editor.elementor-drop-cap-view-stacked .elementor-drop-cap{background-color:#69727d;color:#fff}.elementor-widget-text-editor.elementor-drop-cap-view-framed .elementor-drop-cap{color:#69727d;border:3px solid;background-color:transparent}.elementor-widget-text-editor:not(.elementor-drop-cap-view-default) .elementor-drop-cap{margin-top:8px}.elementor-widget-text-editor:not(.elementor-drop-cap-view-default) .elementor-drop-cap-letter{width:1em;height:1em}.elementor-widget-text-editor .elementor-drop-cap{float:left;text-align:center;line-height:1;font-size:50px}.elementor-widget-text-editor .elementor-drop-cap-letter{display:inline-block}<\/style>\t\t\t\t<h4>Nudimo celovito ponudbo jedi iz \u017eara na va\u0161i izbrani lokaciji.<\/h4>\t\t\t\t\t\t<\/div>\n\t\t\t\t<\/div>\n\t\t\t\t\t<\/div>\n\t\t<\/div>\n\t\t\t\t<div class=\"elementor-column elementor-col-25 elementor-inner-column elementor-element elementor-element-7d1cbe6\" data-id=\"7d1cbe6\" data-element_type=\"column\">\n\t\t\t<div class=\"elementor-widget-wrap\">\n\t\t\t\t\t\t\t\t\t<\/div>\n\t\t<\/div>\n\t\t\t\t\t\t\t<\/div>\n\t\t<\/section>\n\t\t\t\t<section class=\"elementor-section elementor-inner-section elementor-element elementor-element-1b972dc elementor-section-boxed elementor-section-height-default elementor-section-height-default\" data-id=\"1b972dc\" data-element_type=\"section\">\n\t\t\t\t\t\t<div class=\"elementor-container elementor-column-gap-wider\">\n\t\t\t\t\t<div class=\"elementor-column elementor-col-100 elementor-inner-column elementor-element elementor-element-f8e3073\" data-id=\"f8e3073\" data-element_type=\"column\">\n\t\t\t<div class=\"elementor-widget-wrap elementor-element-populated\">\n\t\t\t\t\t\t\t\t<div class=\"elementor-element elementor-element-a7d2ea4 elementor-widget elementor-widget-shortcode\" data-id=\"a7d2ea4\" data-element_type=\"widget\" data-widget_type=\"shortcode.default\">\n\t\t\t\t<div class=\"elementor-widget-container\">\n\t\t\t\t\t<div class=\"elementor-shortcode\"><div class=\"wpforms-container \" id=\"wpforms-1545\"><form id=\"wpforms-form-1545\" class=\"wpforms-validate wpforms-form\" data-formid=\"1545\" method=\"post\" enctype=\"multipart\/form-data\" action=\"\/index.php?rest_route=%2Fwp%2Fv2%2Fpages%2F571\" data-token=\"a0b7b97373cce5339a470c64c7894837\" data-token-time=\"1776286513\"><noscript class=\"wpforms-error-noscript\">Please enable JavaScript in your browser to complete this form.<\/noscript><div class=\"wpforms-field-container\"><div id=\"wpforms-1545-field_5-container\" class=\"wpforms-field wpforms-field-name\" data-field-id=\"5\"><label class=\"wpforms-field-label\" for=\"wpforms-1545-field_5\">Vpi\u0161ite va\u0161e ime in priimek <span class=\"wpforms-required-label\">*<\/span><\/label><input type=\"text\" id=\"wpforms-1545-field_5\" class=\"wpforms-field-large wpforms-field-required\" name=\"wpforms[fields][5]\" required><\/div><div id=\"wpforms-1545-field_7-container\" class=\"wpforms-field wpforms-field-email\" data-field-id=\"7\"><label class=\"wpforms-field-label\" for=\"wpforms-1545-field_7\">Vpi\u0161ite va\u0161 elektronski kontakt: <span class=\"wpforms-required-label\">*<\/span><\/label><input type=\"email\" id=\"wpforms-1545-field_7\" class=\"wpforms-field-large wpforms-field-required\" name=\"wpforms[fields][7]\" spellcheck=\"false\" required><\/div><div id=\"wpforms-1545-field_6-container\" class=\"wpforms-field wpforms-field-number\" data-field-id=\"6\"><label class=\"wpforms-field-label\" for=\"wpforms-1545-field_6\">Vpi\u0161ite telefonsko \u0161tevilko: <span class=\"wpforms-required-label\">*<\/span><\/label><input type=\"number\" id=\"wpforms-1545-field_6\" class=\"wpforms-field-large wpforms-field-required\" name=\"wpforms[fields][6]\" step=\"any\" required><\/div><div id=\"wpforms-1545-field_10-container\" class=\"wpforms-field wpforms-field-number\" data-field-id=\"10\"><label class=\"wpforms-field-label\" for=\"wpforms-1545-field_10\">Posredujte nam informacijo o \u0161tevilu gostov, ki jih pri\u010dakujete:  <span class=\"wpforms-required-label\">*<\/span><\/label><input type=\"number\" id=\"wpforms-1545-field_10\" class=\"wpforms-field-large wpforms-field-required\" name=\"wpforms[fields][10]\" step=\"any\" required><\/div><div id=\"wpforms-1545-field_12-container\" class=\"wpforms-field wpforms-field-text\" data-field-id=\"12\"><label class=\"wpforms-field-label\" for=\"wpforms-1545-field_12\">Kdaj bi \u017eeleli da za vas opravimo pogostitev ?  <span class=\"wpforms-required-label\">*<\/span><\/label><input type=\"text\" id=\"wpforms-1545-field_12\" class=\"wpforms-field-large wpforms-field-required\" name=\"wpforms[fields][12]\" required><div class=\"wpforms-field-description\">Vpi\u0161ite kot sredina meseca maja oz. natan\u010den datum kot npr.14 junij ipd.<\/div><\/div><div id=\"wpforms-1545-field_8-container\" class=\"wpforms-field wpforms-field-checkbox wpforms-list-2-columns\" data-field-id=\"8\"><label class=\"wpforms-field-label\">Katera ponudba jedi vas zanima? Izberete tako, da kliknete na sliko spodaj, ki se vam obarva ob izboru. Mo\u017een je tudi izbor ve\u010djega \u0161tevila slik. <span class=\"wpforms-required-label\">*<\/span><\/label><ul id=\"wpforms-1545-field_8\" class=\"wpforms-field-required wpforms-image-choices wpforms-image-choices-classic\"><li class=\"choice-1 depth-1 wpforms-image-choices-item\"><label class=\"wpforms-field-label-inline\" for=\"wpforms-1545-field_8_1\" tabindex=\"0\"><span class=\"wpforms-image-choices-image\"><img decoding=\"async\" src=\"https:\/\/pozorhudzar.si\/wp-content\/uploads\/2026\/04\/Zajeta_slika-1.jpg\" alt=\"Ribje jedi\" title=\"Ribje jedi\"><\/span><input type=\"checkbox\" id=\"wpforms-1545-field_8_1\" class=\"wpforms-screen-reader-element\" name=\"wpforms[fields][8][]\" value=\"Ribje jedi\" tabindex=\"-1\" required ><span class=\"wpforms-image-choices-label\">Ribje jedi<\/span><\/label><\/li><li class=\"choice-2 depth-1 wpforms-image-choices-item\"><label class=\"wpforms-field-label-inline\" for=\"wpforms-1545-field_8_2\" tabindex=\"0\"><span class=\"wpforms-image-choices-image\"><img decoding=\"async\" src=\"https:\/\/pozorhudzar.si\/wp-content\/uploads\/2026\/04\/pek__1_.jpg\" alt=\"Mesne jedi\" title=\"Mesne jedi\"><\/span><input type=\"checkbox\" id=\"wpforms-1545-field_8_2\" class=\"wpforms-screen-reader-element\" name=\"wpforms[fields][8][]\" value=\"Mesne jedi\" tabindex=\"-1\" required ><span class=\"wpforms-image-choices-label\">Mesne jedi<\/span><\/label><\/li><li class=\"choice-3 depth-1 wpforms-image-choices-item\"><label class=\"wpforms-field-label-inline\" for=\"wpforms-1545-field_8_3\" tabindex=\"0\"><span class=\"wpforms-image-choices-image\"><img decoding=\"async\" src=\"https:\/\/pozorhudzar.si\/wp-content\/uploads\/2026\/04\/kan__1_.jpg\" alt=\"Burgerji\" title=\"Burgerji\"><\/span><input type=\"checkbox\" id=\"wpforms-1545-field_8_3\" class=\"wpforms-screen-reader-element\" name=\"wpforms[fields][8][]\" value=\"Burgerji\" tabindex=\"-1\" required ><span class=\"wpforms-image-choices-label\">Burgerji<\/span><\/label><\/li><li class=\"choice-4 depth-1 wpforms-image-choices-item\"><label class=\"wpforms-field-label-inline\" for=\"wpforms-1545-field_8_4\" tabindex=\"0\"><span class=\"wpforms-image-choices-image\"><img decoding=\"async\" src=\"https:\/\/pozorhudzar.si\/wp-content\/uploads\/2026\/04\/jjjjjjjjjjjjjjjjjjjjjjo__1_.jpg\" alt=\"Kanapeji\" title=\"Kanapeji\"><\/span><input type=\"checkbox\" id=\"wpforms-1545-field_8_4\" class=\"wpforms-screen-reader-element\" name=\"wpforms[fields][8][]\" value=\"Kanapeji\" tabindex=\"-1\" required ><span class=\"wpforms-image-choices-label\">Kanapeji<\/span><\/label><\/li><\/ul><\/div><div id=\"wpforms-1545-field_9-container\" class=\"wpforms-field wpforms-field-checkbox wpforms-list-3-columns\" data-field-id=\"9\"><label class=\"wpforms-field-label\">Bi \u017eeleli na pogostitvi imeti postre\u017eena tudi vrhunska vina? Kak\u0161en je va\u0161 okus? Ozna\u010dite slike...<\/label><ul id=\"wpforms-1545-field_9\" class=\"wpforms-randomize wpforms-image-choices wpforms-image-choices-classic\"><li class=\"choice-1 depth-1 wpforms-image-choices-item\"><label class=\"wpforms-field-label-inline\" for=\"wpforms-1545-field_9_1\" tabindex=\"0\"><span class=\"wpforms-image-choices-image\"><img decoding=\"async\" src=\"https:\/\/pozorhudzar.si\/wp-content\/uploads\/2023\/07\/Zajc-Beli_Zajc-0.75L-MID-RES-3.png\" alt=\"Bela\" title=\"Bela\"><\/span><input type=\"checkbox\" id=\"wpforms-1545-field_9_1\" class=\"wpforms-screen-reader-element\" name=\"wpforms[fields][9][]\" value=\"Bela\" tabindex=\"-1\"  ><span class=\"wpforms-image-choices-label\">Bela<\/span><\/label><\/li><li class=\"choice-2 depth-1 wpforms-image-choices-item\"><label class=\"wpforms-field-label-inline\" for=\"wpforms-1545-field_9_2\" tabindex=\"0\"><span class=\"wpforms-image-choices-image\"><img decoding=\"async\" src=\"https:\/\/pozorhudzar.si\/wp-content\/uploads\/2023\/07\/Zajc-Rose-0.75L-MID-RES-1.png\" alt=\"Roze\" title=\"Roze\"><\/span><input type=\"checkbox\" id=\"wpforms-1545-field_9_2\" class=\"wpforms-screen-reader-element\" name=\"wpforms[fields][9][]\" value=\"Roze\" tabindex=\"-1\"  ><span class=\"wpforms-image-choices-label\">Roze<\/span><\/label><\/li><li class=\"choice-3 depth-1 wpforms-image-choices-item\"><label class=\"wpforms-field-label-inline\" for=\"wpforms-1545-field_9_3\" tabindex=\"0\"><span class=\"wpforms-image-choices-image\"><img decoding=\"async\" src=\"https:\/\/pozorhudzar.si\/wp-content\/uploads\/2023\/07\/Zajc-Modri-Zajc-0.75L-MID-RES-2-1-1.png\" alt=\"Rde\u010da\" title=\"Rde\u010da\"><\/span><input type=\"checkbox\" id=\"wpforms-1545-field_9_3\" class=\"wpforms-screen-reader-element\" name=\"wpforms[fields][9][]\" value=\"Rde\u010da\" tabindex=\"-1\"  ><span class=\"wpforms-image-choices-label\">Rde\u010da<\/span><\/label><\/li><li class=\"choice-4 depth-1 wpforms-image-choices-item\"><label class=\"wpforms-field-label-inline\" for=\"wpforms-1545-field_9_4\" tabindex=\"0\"><span class=\"wpforms-image-choices-image\"><img decoding=\"async\" src=\"https:\/\/pozorhudzar.si\/wp-content\/uploads\/2023\/07\/Zajc-Penina-Muskatni-Rizling-0.75L-MID-RES-1.png\" alt=\"Penine\" title=\"Penine\"><\/span><input type=\"checkbox\" id=\"wpforms-1545-field_9_4\" class=\"wpforms-screen-reader-element\" name=\"wpforms[fields][9][]\" value=\"Penine\" tabindex=\"-1\"  ><span class=\"wpforms-image-choices-label\">Penine<\/span><\/label><\/li><li class=\"choice-5 depth-1 wpforms-image-choices-item\"><label class=\"wpforms-field-label-inline\" for=\"wpforms-1545-field_9_5\" tabindex=\"0\"><span class=\"wpforms-image-choices-image\"><img decoding=\"async\" src=\"https:\/\/pozorhudzar.si\/wp-content\/uploads\/2023\/07\/Zajc-Cvicek-PTP-0.75L-MID-RES-1.png\" alt=\"Cvi\u010dek\" title=\"Cvi\u010dek\"><\/span><input type=\"checkbox\" id=\"wpforms-1545-field_9_5\" class=\"wpforms-screen-reader-element\" name=\"wpforms[fields][9][]\" value=\"Cvi\u010dek\" tabindex=\"-1\"  ><span class=\"wpforms-image-choices-label\">Cvi\u010dek<\/span><\/label><\/li><li class=\"choice-6 depth-1 wpforms-image-choices-item\"><label class=\"wpforms-field-label-inline\" for=\"wpforms-1545-field_9_6\" tabindex=\"0\"><span class=\"wpforms-image-choices-image\"><img decoding=\"async\" src=\"https:\/\/pozorhudzar.si\/wp-content\/uploads\/2023\/07\/Rose-penina-0.75L-4c_maxres-scaled-2.jpg\" alt=\"Rose Penine\" title=\"Rose Penine\"><\/span><input type=\"checkbox\" id=\"wpforms-1545-field_9_6\" class=\"wpforms-screen-reader-element\" name=\"wpforms[fields][9][]\" value=\"Rose Penine\" tabindex=\"-1\"  ><span class=\"wpforms-image-choices-label\">Rose Penine<\/span><\/label><\/li><\/ul><\/div><div id=\"wpforms-1545-field_13-container\" class=\"wpforms-field wpforms-field-checkbox\" data-field-id=\"13\"><label class=\"wpforms-field-label\">Okrasitev prireditvenega prostora z baloni in dodatki<\/label><ul id=\"wpforms-1545-field_13\"><li class=\"choice-1 depth-1\"><input type=\"checkbox\" id=\"wpforms-1545-field_13_1\" name=\"wpforms[fields][13][]\" value=\"Da, \u017eelim okrasitev prostora in prosim za va\u0161 predlog\"  ><label class=\"wpforms-field-label-inline\" for=\"wpforms-1545-field_13_1\">Da, \u017eelim okrasitev prostora in prosim za va\u0161 predlog<\/label><\/li><li class=\"choice-2 depth-1\"><input type=\"checkbox\" id=\"wpforms-1545-field_13_2\" name=\"wpforms[fields][13][]\" value=\"Ne \u017eelim\"  ><label class=\"wpforms-field-label-inline\" for=\"wpforms-1545-field_13_2\">Ne \u017eelim<\/label><\/li><\/ul><\/div><div id=\"wpforms-1545-field_2-container\" class=\"wpforms-field wpforms-field-textarea\" data-field-id=\"2\"><label class=\"wpforms-field-label wpforms-label-hide\" for=\"wpforms-1545-field_2\">Nam \u017eelite \u0161e kaj zaupati? Tukaj napi\u0161ite va\u0161e dodatne \u017eelje... <span class=\"wpforms-required-label\">*<\/span><\/label><textarea id=\"wpforms-1545-field_2\" class=\"wpforms-field-large wpforms-field-required\" name=\"wpforms[fields][2]\" placeholder=\"Tukaj opi\u0161ite va\u0161e \u017eelje...\" required><\/textarea><\/div><\/div><!-- .wpforms-field-container --><div class=\"wpforms-field wpforms-field-hp\"><label for=\"wpforms-1545-field-hp\" class=\"wpforms-field-label\">Message<\/label><input type=\"text\" name=\"wpforms[hp]\" id=\"wpforms-1545-field-hp\" class=\"wpforms-field-medium\"><\/div><div class=\"wpforms-submit-container\" ><input type=\"hidden\" name=\"wpforms[id]\" value=\"1545\"><input type=\"hidden\" name=\"page_title\" value=\"\"><input type=\"hidden\" name=\"page_url\" value=\"https:\/\/pozorhudzar.si\/index.php?rest_route=\/wp\/v2\/pages\/571\"><input type=\"hidden\" name=\"url_referer\" value=\"\"><button type=\"submit\" name=\"wpforms[submit]\" id=\"wpforms-submit-1545\" class=\"wpforms-submit\" data-alt-text=\"Po\u0161iljam...\" data-submit-text=\"Po\u0161ljite povpra\u0161evanje\" aria-live=\"assertive\" value=\"wpforms-submit\">Po\u0161ljite povpra\u0161evanje<\/button><\/div><\/form><\/div>  <!-- .wpforms-container --><\/div>\n\t\t\t\t<\/div>\n\t\t\t\t<\/div>\n\t\t\t\t\t<\/div>\n\t\t<\/div>\n\t\t\t\t\t\t\t<\/div>\n\t\t<\/section>\n\t\t\t\t<section class=\"elementor-section elementor-inner-section elementor-element elementor-element-f706762 elementor-section-boxed elementor-section-height-default elementor-section-height-default\" data-id=\"f706762\" data-element_type=\"section\">\n\t\t\t\t\t\t<div class=\"elementor-container elementor-column-gap-default\">\n\t\t\t\t\t<div class=\"elementor-column elementor-col-25 elementor-inner-column elementor-element elementor-element-e16d94a\" data-id=\"e16d94a\" data-element_type=\"column\">\n\t\t\t<div class=\"elementor-widget-wrap\">\n\t\t\t\t\t\t\t\t\t<\/div>\n\t\t<\/div>\n\t\t\t\t<div class=\"elementor-column elementor-col-50 elementor-inner-column elementor-element elementor-element-dc0e1c2\" data-id=\"dc0e1c2\" data-element_type=\"column\">\n\t\t\t<div class=\"elementor-widget-wrap elementor-element-populated\">\n\t\t\t\t\t\t\t\t<div class=\"elementor-element elementor-element-96c1dfa elementor-invisible elementor-widget elementor-widget-heading\" data-id=\"96c1dfa\" data-element_type=\"widget\" data-settings=\"{&quot;_animation&quot;:&quot;fadeInDown&quot;}\" data-widget_type=\"heading.default\">\n\t\t\t\t<div class=\"elementor-widget-container\">\n\t\t\t<h3 class=\"elementor-heading-title elementor-size-default\">Povpra\u0161ajte nas<\/h3>\t\t<\/div>\n\t\t\t\t<\/div>\n\t\t\t\t\t<\/div>\n\t\t<\/div>\n\t\t\t\t<div class=\"elementor-column elementor-col-25 elementor-inner-column elementor-element elementor-element-01142af\" data-id=\"01142af\" data-element_type=\"column\">\n\t\t\t<div class=\"elementor-widget-wrap\">\n\t\t\t\t\t\t\t\t\t<\/div>\n\t\t<\/div>\n\t\t\t\t\t\t\t<\/div>\n\t\t<\/section>\n\t\t\t\t<section class=\"elementor-section elementor-inner-section elementor-element elementor-element-52e3927 elementor-section-content-middle elementor-section-boxed elementor-section-height-default elementor-section-height-default\" data-id=\"52e3927\" data-element_type=\"section\">\n\t\t\t\t\t\t<div class=\"elementor-container elementor-column-gap-no\">\n\t\t\t\t\t<div class=\"elementor-column elementor-col-33 elementor-inner-column elementor-element elementor-element-65240e0\" data-id=\"65240e0\" data-element_type=\"column\">\n\t\t\t<div class=\"elementor-widget-wrap\">\n\t\t\t\t\t\t\t\t\t<\/div>\n\t\t<\/div>\n\t\t\t\t<div class=\"elementor-column elementor-col-33 elementor-inner-column elementor-element elementor-element-9fec31f\" data-id=\"9fec31f\" data-element_type=\"column\">\n\t\t\t<div class=\"elementor-widget-wrap elementor-element-populated\">\n\t\t\t\t\t\t\t\t<div class=\"elementor-element elementor-element-6867117 elementor-widget elementor-widget-heading\" data-id=\"6867117\" data-element_type=\"widget\" data-widget_type=\"heading.default\">\n\t\t\t\t<div class=\"elementor-widget-container\">\n\t\t\t<h5 class=\"elementor-heading-title elementor-size-default\">info@pozorhudzar.si<\/h5>\t\t<\/div>\n\t\t\t\t<\/div>\n\t\t\t\t\t<\/div>\n\t\t<\/div>\n\t\t\t\t<div class=\"elementor-column elementor-col-33 elementor-inner-column elementor-element elementor-element-715140c\" data-id=\"715140c\" data-element_type=\"column\">\n\t\t\t<div class=\"elementor-widget-wrap\">\n\t\t\t\t\t\t\t\t\t<\/div>\n\t\t<\/div>\n\t\t\t\t\t\t\t<\/div>\n\t\t<\/section>\n\t\t\t\t\t<\/div>\n\t\t<\/div>\n\t\t\t\t\t\t\t<\/div>\n\t\t<\/section>\n\t\t<div class=\"elementor-element elementor-element-5b00ec1 e-flex e-con-boxed e-con\" data-id=\"5b00ec1\" data-element_type=\"container\" data-settings=\"{&quot;content_width&quot;:&quot;boxed&quot;}\">\n\t\t\t\t\t<div class=\"e-con-inner\">\n\t\t\t\t<div class=\"elementor-element elementor-element-ef839bb elementor-widget elementor-widget-google_maps\" data-id=\"ef839bb\" data-element_type=\"widget\" data-widget_type=\"google_maps.default\">\n\t\t\t\t<div class=\"elementor-widget-container\">\n\t\t\t<style>\/*! elementor - v3.14.0 - 26-06-2023 *\/\n.elementor-widget-google_maps .elementor-widget-container{overflow:hidden}.elementor-widget-google_maps .elementor-custom-embed{line-height:0}.elementor-widget-google_maps iframe{height:300px}<\/style>\t\t<div class=\"elementor-custom-embed\">\n\t\t\t<iframe loading=\"lazy\"\n\t\t\t\t\tsrc=\"https:\/\/maps.google.com\/maps?q=ko%C5%A1nica%20pri%20celju%2042&#038;t=m&#038;z=17&#038;output=embed&#038;iwloc=near\"\n\t\t\t\t\ttitle=\"ko\u0161nica pri celju 42\"\n\t\t\t\t\taria-label=\"ko\u0161nica pri celju 42\"\n\t\t\t><\/iframe>\n\t\t<\/div>\n\t\t\t\t<\/div>\n\t\t\t\t<\/div>\n\t\t\t\t\t<\/div>\n\t\t\t\t<\/div>\n\t\t\t\t\t\t\t<\/div>\n\t\t","protected":false},"excerpt":{"rendered":"<p>Vrhunska hrana in ponudba iz \u017eara Kontaktirajte nas Nimate \u010dasa in potrebujete vrhunsko izvedbo pogostitve? Dovolite, da mi poskrbimo za va\u0161e goste ! Nudimo celovito ponudbo jedi iz \u017eara na va\u0161i izbrani lokaciji. Povpra\u0161ajte nas info@pozorhudzar.si<\/p>\n","protected":false},"author":1,"featured_media":0,"parent":0,"menu_order":3,"comment_status":"closed","ping_status":"closed","template":"","meta":{"site-sidebar-layout":"no-sidebar","site-content-layout":"page-builder","ast-global-header-display":"","ast-banner-title-visibility":"","ast-main-header-display":"","ast-hfb-above-header-display":"","ast-hfb-below-header-display":"","ast-hfb-mobile-header-display":"","site-post-title":"disabled","ast-breadcrumbs-content":"","ast-featured-img":"disabled","footer-sml-layout":"","theme-transparent-header-meta":"","adv-header-id-meta":"","stick-header-meta":"","header-above-stick-meta":"","header-main-stick-meta":"","header-below-stick-meta":"","footnotes":""},"class_list":["post-571","page","type-page","status-publish","hentry"],"_links":{"self":[{"href":"https:\/\/pozorhudzar.si\/index.php?rest_route=\/wp\/v2\/pages\/571","targetHints":{"allow":["GET"]}}],"collection":[{"href":"https:\/\/pozorhudzar.si\/index.php?rest_route=\/wp\/v2\/pages"}],"about":[{"href":"https:\/\/pozorhudzar.si\/index.php?rest_route=\/wp\/v2\/types\/page"}],"author":[{"embeddable":true,"href":"https:\/\/pozorhudzar.si\/index.php?rest_route=\/wp\/v2\/users\/1"}],"replies":[{"embeddable":true,"href":"https:\/\/pozorhudzar.si\/index.php?rest_route=%2Fwp%2Fv2%2Fcomments&post=571"}],"version-history":[{"count":58,"href":"https:\/\/pozorhudzar.si\/index.php?rest_route=\/wp\/v2\/pages\/571\/revisions"}],"predecessor-version":[{"id":1611,"href":"https:\/\/pozorhudzar.si\/index.php?rest_route=\/wp\/v2\/pages\/571\/revisions\/1611"}],"wp:attachment":[{"href":"https:\/\/pozorhudzar.si\/index.php?rest_route=%2Fwp%2Fv2%2Fmedia&parent=571"}],"curies":[{"name":"wp","href":"https:\/\/api.w.org\/{rel}","templated":true}]}}